{"id":7057,"date":"2020-09-18T18:49:17","date_gmt":"2020-09-18T18:49:17","guid":{"rendered":"https:\/\/opqrs.mx\/mi-cuenta\/"},"modified":"2025-11-07T19:31:25","modified_gmt":"2025-11-07T19:31:25","slug":"mi-cuenta","status":"publish","type":"page","link":"https:\/\/opqrs.mx\/en\/mi-cuenta\/","title":{"rendered":"Quienes somos"},"content":{"rendered":"<div class=\"wp-block-group alignfull is-content-justification-center\" style=\"margin-top:0;margin-bottom:0;padding-top:calc( 0.5 * var(--wp--style--root--padding-right, var(--wp--custom--gap--horizontal)));padding-right:var(--wp--style--root--padding-right, var(--wp--custom--gap--horizontal));padding-bottom:calc( 0.5 * var(--wp--style--root--padding-right, var(--wp--custom--gap--horizontal)));padding-left:var(--wp--style--root--padding-left, var(--wp--custom--gap--horizontal))\"><div class=\"wp-block-group__inner-container is-layout-constrained wp-container-core-group-is-layout-b073b61b wp-block-group-is-layout-constrained\">\n<div style=\"height:calc( 0.25 * var(--wp--style--root--padding-right, var(--wp--custom--gap--horizontal)))\" aria-hidden=\"true\" class=\"wp-block-spacer\"><\/div>\n\n\n\n<div class=\"wp-block-columns is-layout-flex wp-container-core-columns-is-layout-9d6595d7 wp-block-columns-is-layout-flex\">\n<div class=\"wp-block-column is-layout-flow wp-block-column-is-layout-flow\" style=\"flex-basis:100%\">\n<div class=\"wp-block-group alignfull is-content-justification-center\" style=\"margin-top:0;margin-bottom:0;padding-top:calc( 0.5 * var(--wp--style--root--padding-right, var(--wp--custom--gap--horizontal)));padding-right:var(--wp--style--root--padding-right, var(--wp--custom--gap--horizontal));padding-bottom:calc( 0.5 * var(--wp--style--root--padding-right, var(--wp--custom--gap--horizontal)));padding-left:var(--wp--style--root--padding-left, var(--wp--custom--gap--horizontal))\"><div class=\"wp-block-group__inner-container is-layout-constrained wp-container-core-group-is-layout-b073b61b wp-block-group-is-layout-constrained\">\n<div style=\"height:calc( 0.25 * var(--wp--style--root--padding-right, var(--wp--custom--gap--horizontal)))\" aria-hidden=\"true\" class=\"wp-block-spacer\"><\/div>\n\n\n<div class=\"wp-block-image\">\n<figure class=\"aligncenter size-full is-resized has-custom-border\"><img data-recalc-dims=\"1\" loading=\"lazy\" decoding=\"async\" width=\"1140\" height=\"1520\" src=\"https:\/\/i0.wp.com\/opqrs.mx\/wp-content\/uploads\/2025\/11\/Unknown.jpeg?resize=1140%2C1520&#038;ssl=1\" alt=\"\" class=\"wp-image-7115\" style=\"border-radius:100em;object-fit:cover;width:378px;height:auto\" srcset=\"https:\/\/i0.wp.com\/opqrs.mx\/wp-content\/uploads\/2025\/11\/Unknown.jpeg?w=1200&amp;ssl=1 1200w, https:\/\/i0.wp.com\/opqrs.mx\/wp-content\/uploads\/2025\/11\/Unknown.jpeg?resize=768%2C1024&amp;ssl=1 768w, https:\/\/i0.wp.com\/opqrs.mx\/wp-content\/uploads\/2025\/11\/Unknown.jpeg?resize=1152%2C1536&amp;ssl=1 1152w, https:\/\/i0.wp.com\/opqrs.mx\/wp-content\/uploads\/2025\/11\/Unknown.jpeg?resize=9%2C12&amp;ssl=1 9w, https:\/\/i0.wp.com\/opqrs.mx\/wp-content\/uploads\/2025\/11\/Unknown.jpeg?resize=600%2C800&amp;ssl=1 600w\" sizes=\"auto, (max-width: 1140px) 100vw, 1140px\" \/><\/figure>\n<\/div>\n\n\n<div style=\"height:8px\" aria-hidden=\"true\" class=\"wp-block-spacer\"><\/div>\n\n\n\n<h2 class=\"wp-block-heading has-text-align-center has-ast-global-color-2-color has-text-color\">D.I.Silvio Margain Le\u00f3n<\/h2>\n\n\n\n<div style=\"height:calc( 0.25 * var(--wp--style--root--padding-right, var(--wp--custom--gap--horizontal)))\" aria-hidden=\"true\" class=\"wp-block-spacer\"><\/div>\n\n\n\n<p>Dise\u00f1ador industrial especializado en econom\u00eda circular y dise\u00f1o regenerativo. Es fundador de OPQRS Studio y de Casa Creativa en M\u00e9rida, espacios que transforman residuos en productos funcionales y fomentan proyectos colaborativos con comunidades para fortalecer su autonom\u00eda y resiliencia. Su trabajo integra conocimiento local e innovaci\u00f3n en procesos participativos que regeneran ecosistemas y tejido social, combinando t\u00e9cnicas ancestrales con tecnolog\u00edas accesibles.<br>Ha desarrollado talleres de econom\u00eda circular con artesanos, instalaciones ef\u00edmeras en Burning Man, y proyectos de dise\u00f1o vinculados a la prevenci\u00f3n del delito en colaboraci\u00f3n con USAID y el Gobierno de M\u00e9xico. Concibe el dise\u00f1o como una herramienta para devolver m\u00e1s de lo que se toma y para crear soluciones desde el di\u00e1logo y no la imposici\u00f3n. Su visi\u00f3n local conecta lo comunitario con lo global, impulsando innovaci\u00f3n.<\/p>\n<\/div><\/div>\n<\/div>\n<\/div>\n\n\n\n<div style=\"height:calc( 0.25 * var(--wp--style--root--padding-right, var(--wp--custom--gap--horizontal)))\" aria-hidden=\"true\" class=\"wp-block-spacer\"><\/div>\n<\/div><\/div>\n\n\n\n<div class=\"wp-block-group alignfull is-content-justification-center\" style=\"margin-top:0;margin-bottom:0;padding-top:calc( 0.5 * var(--wp--style--root--padding-right, var(--wp--custom--gap--horizontal)));padding-right:var(--wp--style--root--padding-right, var(--wp--custom--gap--horizontal));padding-bottom:calc( 0.5 * var(--wp--style--root--padding-right, var(--wp--custom--gap--horizontal)));padding-left:var(--wp--style--root--padding-left, var(--wp--custom--gap--horizontal))\"><div class=\"wp-block-group__inner-container is-layout-constrained wp-container-core-group-is-layout-b073b61b wp-block-group-is-layout-constrained\">\n<div style=\"height:calc( 0.25 * var(--wp--style--root--padding-right, var(--wp--custom--gap--horizontal)))\" aria-hidden=\"true\" class=\"wp-block-spacer\"><\/div>\n\n\n\n<div class=\"wp-block-columns alignwide are-vertically-aligned-center is-layout-flex wp-container-core-columns-is-layout-6aa4370a wp-block-columns-is-layout-flex\"><\/div>\n<\/div><\/div>\n\n\n\n<p><\/p>","protected":false},"excerpt":{"rendered":"<p>D.I.Silvio Margain Le\u00f3n Dise\u00f1ador industrial especializado en econom\u00eda circular y dise\u00f1o regenerativo. Es fundador de OPQRS Studio y de Casa Creativa en M\u00e9rida, espacios que transforman residuos en productos funcionales y fomentan proyectos colaborativos con comunidades para fortalecer su autonom\u00eda y resiliencia. Su trabajo integra conocimiento local e innovaci\u00f3n en procesos participativos que regeneran ecosistemas [&hellip;]<\/p>\n","protected":false},"author":1,"featured_media":0,"parent":0,"menu_order":0,"comment_status":"closed","ping_status":"closed","template":"","meta":{"footnotes":""},"class_list":["post-7057","page","type-page","status-publish","hentry"],"jetpack_sharing_enabled":true,"_links":{"self":[{"href":"https:\/\/opqrs.mx\/en\/wp-json\/wp\/v2\/pages\/7057","targetHints":{"allow":["GET"]}}],"collection":[{"href":"https:\/\/opqrs.mx\/en\/wp-json\/wp\/v2\/pages"}],"about":[{"href":"https:\/\/opqrs.mx\/en\/wp-json\/wp\/v2\/types\/page"}],"author":[{"embeddable":true,"href":"https:\/\/opqrs.mx\/en\/wp-json\/wp\/v2\/users\/1"}],"replies":[{"embeddable":true,"href":"https:\/\/opqrs.mx\/en\/wp-json\/wp\/v2\/comments?post=7057"}],"version-history":[{"count":6,"href":"https:\/\/opqrs.mx\/en\/wp-json\/wp\/v2\/pages\/7057\/revisions"}],"predecessor-version":[{"id":7122,"href":"https:\/\/opqrs.mx\/en\/wp-json\/wp\/v2\/pages\/7057\/revisions\/7122"}],"wp:attachment":[{"href":"https:\/\/opqrs.mx\/en\/wp-json\/wp\/v2\/media?parent=7057"}],"curies":[{"name":"wp","href":"https:\/\/api.w.org\/{rel}","templated":true}]}}