{"id":2,"date":"2013-05-28T23:14:37","date_gmt":"2013-05-28T23:14:37","guid":{"rendered":"http:\/\/silviomargain.com\/sitios\/opqrs\/?page_id=2"},"modified":"2020-10-08T23:32:18","modified_gmt":"2020-10-08T23:32:18","slug":"el-estudio","status":"publish","type":"page","link":"https:\/\/opqrs.mx\/en\/el-estudio\/","title":{"rendered":"El estudio"},"content":{"rendered":"<p><\/p>\n\n\n<section  class=\"section no\"><div class=\"row\"><div class=\"wpb_column col-md-12 have-padding\"><div class=\"item-padd-mob section-text text-block\" ><div class=\"simple-text md\"><p><em><strong>OPQRS&nbsp;<\/strong>&nbsp;es un estudio dedicado al dise\u00f1o circular en el cual se dan soluciones creativas a diferentes proyectos, buscando innovar de una manera est\u00e9tica d\u00e1ndole a cada proyecto una personalidad \u00fanica, atractiva, responsable y funcional. <span class=\"Apple-converted-space\"><br \/><\/span><\/em><\/p>\n<p><em>El esquema de operaci\u00f3n del estudio se basa fundamentalmente en entender la interacci\u00f3n entre las personas y los objetos, la investigaci\u00f3n y experimentaci\u00f3n de materiales, tecnolog\u00edas y aplicaciones y la colaboraci\u00f3n con profesionales de distintas disciplinas.<\/em><\/p>\n<p><em><span class=\"Apple-converted-space\">&nbsp;<\/span><\/em><\/p>\n<p><span class=\"Apple-converted-space\">&nbsp;<\/span><\/p>\n<\/div><\/div><\/div><\/div><\/section><section  class=\"section no\"><div class=\"row\"><div class=\"wpb_column col-md-12 have-padding\"><div class=\"vc_separator wpb_content_element vc_separator_align_center vc_sep_width_100 vc_sep_border_width_3 vc_sep_pos_align_center vc_separator_no_text vc_sep_color_grey  wpb_animate_when_almost_visible wpb_fadeIn fadeIn wpb_animate_when_almost_visible wpb_fadeIn fadeIn\" ><span class=\"vc_sep_holder vc_sep_holder_l\"><span  class=\"vc_sep_line\"><\/span><\/span><span class=\"vc_sep_holder vc_sep_holder_r\"><span  class=\"vc_sep_line\"><\/span><\/span>\n<\/div><h6 style=\"text-align: center;font-family:Roboto;font-weight:400;font-style:normal\" class=\"vc_custom_heading\" >Algunos de nuestros clientes y colaboradores <\/h6><section  class=\"section no\"><div class=\"row\"><div class=\"wpb_column col-md-12 have-padding\">\n\t<div  class=\"wpb_single_image wpb_content_element vc_align_center\">\n\t\t\n\t\t<figure class=\"wpb_wrapper vc_figure\">\n\t\t\t<div class=\"vc_single_image-wrapper   vc_box_border_grey\"><img loading=\"lazy\" decoding=\"async\" width=\"992\" height=\"147\" src=\"https:\/\/i0.wp.com\/opqrs.mx\/wp-content\/uploads\/2019\/09\/LOGOS_CLIENTES-.jpg?fit=992%2C147&amp;ssl=1\" class=\"vc_single_image-img attachment-full\" alt=\"\" srcset=\"https:\/\/i0.wp.com\/opqrs.mx\/wp-content\/uploads\/2019\/09\/LOGOS_CLIENTES-.jpg?w=992&amp;ssl=1 992w, https:\/\/i0.wp.com\/opqrs.mx\/wp-content\/uploads\/2019\/09\/LOGOS_CLIENTES-.jpg?resize=768%2C114&amp;ssl=1 768w, https:\/\/i0.wp.com\/opqrs.mx\/wp-content\/uploads\/2019\/09\/LOGOS_CLIENTES-.jpg?resize=600%2C89&amp;ssl=1 600w\" sizes=\"auto, (max-width: 992px) 100vw, 992px\" \/><\/div>\n\t\t<\/figure>\n\t<\/div>\n<\/div><\/div><\/section><\/div><\/div><\/section>\n\n\n<p><\/p>","protected":false},"excerpt":{"rendered":"OPQRS&nbsp;&nbsp;es un estudio dedicado al dise\u00f1o circular en el cual se dan soluciones creativas a diferentes proyectos, buscando innovar de una manera est\u00e9tica d\u00e1ndole a cada proyecto una personalidad \u00fanica, atractiva, responsable y funcional. El esquema de operaci\u00f3n del estudio se basa fundamentalmente en entender la interacci\u00f3n entre las personas y los objetos, la investigaci\u00f3n [...]","protected":false},"author":1,"featured_media":0,"parent":0,"menu_order":2,"comment_status":"closed","ping_status":"closed","template":"","meta":{"footnotes":""},"class_list":["post-2","page","type-page","status-publish","hentry"],"jetpack_sharing_enabled":true,"_links":{"self":[{"href":"https:\/\/opqrs.mx\/en\/wp-json\/wp\/v2\/pages\/2","targetHints":{"allow":["GET"]}}],"collection":[{"href":"https:\/\/opqrs.mx\/en\/wp-json\/wp\/v2\/pages"}],"about":[{"href":"https:\/\/opqrs.mx\/en\/wp-json\/wp\/v2\/types\/page"}],"author":[{"embeddable":true,"href":"https:\/\/opqrs.mx\/en\/wp-json\/wp\/v2\/users\/1"}],"replies":[{"embeddable":true,"href":"https:\/\/opqrs.mx\/en\/wp-json\/wp\/v2\/comments?post=2"}],"version-history":[{"count":67,"href":"https:\/\/opqrs.mx\/en\/wp-json\/wp\/v2\/pages\/2\/revisions"}],"predecessor-version":[{"id":7083,"href":"https:\/\/opqrs.mx\/en\/wp-json\/wp\/v2\/pages\/2\/revisions\/7083"}],"wp:attachment":[{"href":"https:\/\/opqrs.mx\/en\/wp-json\/wp\/v2\/media?parent=2"}],"curies":[{"name":"wp","href":"https:\/\/api.w.org\/{rel}","templated":true}]}}