{"id":1143,"date":"2019-05-24T12:50:49","date_gmt":"2019-05-24T12:50:49","guid":{"rendered":"http:\/\/silviomargain.com\/sitios\/opqrs\/?page_id=1143"},"modified":"2020-10-08T23:40:54","modified_gmt":"2020-10-08T23:40:54","slug":"blog","status":"publish","type":"page","link":"https:\/\/opqrs.mx\/en\/blog\/","title":{"rendered":"Blog"},"content":{"rendered":"<section  class=\"section no\"><div class=\"row\"><div class=\"wpb_column col-md-12 have-padding\"><\/div><\/div><\/section><section  class=\"section no\"><div class=\"row\"><div class=\"wpb_column col-md-12 have-padding\">\r\n  <div class=\"ls-blog\">\r\n          <div class=\"twit-item wow zoomIn\" data-wow-delay=\"0.4s\">\r\n        <img loading=\"lazy\" decoding=\"async\" width=\"670\" height=\"255\" src=\"https:\/\/i0.wp.com\/opqrs.mx\/wp-content\/uploads\/2017\/10\/portada_blog666-scaled.jpg?resize=670%2C255&amp;ssl=1\" class=\"resp-img wp-post-image\" alt=\"\" srcset=\"https:\/\/i0.wp.com\/opqrs.mx\/wp-content\/uploads\/2017\/10\/portada_blog666-scaled.jpg?w=2560&amp;ssl=1 2560w, https:\/\/i0.wp.com\/opqrs.mx\/wp-content\/uploads\/2017\/10\/portada_blog666-scaled.jpg?resize=1024%2C391&amp;ssl=1 1024w, https:\/\/i0.wp.com\/opqrs.mx\/wp-content\/uploads\/2017\/10\/portada_blog666-scaled.jpg?resize=768%2C293&amp;ssl=1 768w, https:\/\/i0.wp.com\/opqrs.mx\/wp-content\/uploads\/2017\/10\/portada_blog666-scaled.jpg?resize=1536%2C587&amp;ssl=1 1536w, https:\/\/i0.wp.com\/opqrs.mx\/wp-content\/uploads\/2017\/10\/portada_blog666-scaled.jpg?resize=2048%2C782&amp;ssl=1 2048w, https:\/\/i0.wp.com\/opqrs.mx\/wp-content\/uploads\/2017\/10\/portada_blog666-scaled.jpg?resize=670%2C255&amp;ssl=1 670w, https:\/\/i0.wp.com\/opqrs.mx\/wp-content\/uploads\/2017\/10\/portada_blog666-scaled.jpg?resize=1463%2C560&amp;ssl=1 1463w, https:\/\/i0.wp.com\/opqrs.mx\/wp-content\/uploads\/2017\/10\/portada_blog666-scaled.jpg?resize=600%2C229&amp;ssl=1 600w, https:\/\/i0.wp.com\/opqrs.mx\/wp-content\/uploads\/2017\/10\/portada_blog666-scaled.jpg?w=2280&amp;ssl=1 2280w\" sizes=\"auto, (max-width: 670px) 100vw, 670px\" \/>        <div class=\"twit-desc\">\r\n         <h2 class=\"h2 title\"><a href=\"https:\/\/opqrs.mx\/en\/design-week-mexico-2017\/\">Design Week M\u00e9xico 2017<\/a><\/h2>\r\n           <div class=\"twit-author\">\r\n            <img alt='' src='https:\/\/secure.gravatar.com\/avatar\/385061b307bedc07ee0e568dcc662e8afcfab39aeaa04132e2b8d87623375709?s=45&#038;d=mm&#038;r=g' srcset='https:\/\/secure.gravatar.com\/avatar\/385061b307bedc07ee0e568dcc662e8afcfab39aeaa04132e2b8d87623375709?s=90&#038;d=mm&#038;r=g 2x' class='media-object img-responsive img-circle avatar-45 photo' height='45' width='45' \/>              <div class=\"post-txt\">\r\n                <h6 class=\"h6\"><a href=\"#\">opqrs<\/a><\/h6>\r\n                <p>In <a href=\"https:\/\/opqrs.mx\/en\/category\/expos\/\" rel=\"category tag\">EXPOS<\/a> Posted <span class=\"post-date\">October 07, 2017<\/span><\/p>\r\n              <\/div>\r\n           <\/div>\r\n        <\/div>\r\n      <\/div>\r\n          <div class=\"twit-item wow zoomIn\" data-wow-delay=\"0.4s\">\r\n        <img loading=\"lazy\" decoding=\"async\" width=\"670\" height=\"255\" src=\"https:\/\/i0.wp.com\/opqrs.mx\/wp-content\/uploads\/2017\/05\/Inter_port_web3.jpg?resize=670%2C255&amp;ssl=1\" class=\"resp-img wp-post-image\" alt=\"\" srcset=\"https:\/\/i0.wp.com\/opqrs.mx\/wp-content\/uploads\/2017\/05\/Inter_port_web3.jpg?w=1141&amp;ssl=1 1141w, https:\/\/i0.wp.com\/opqrs.mx\/wp-content\/uploads\/2017\/05\/Inter_port_web3.jpg?resize=768%2C293&amp;ssl=1 768w, https:\/\/i0.wp.com\/opqrs.mx\/wp-content\/uploads\/2017\/05\/Inter_port_web3.jpg?resize=1024%2C391&amp;ssl=1 1024w, https:\/\/i0.wp.com\/opqrs.mx\/wp-content\/uploads\/2017\/05\/Inter_port_web3.jpg?resize=670%2C255&amp;ssl=1 670w, https:\/\/i0.wp.com\/opqrs.mx\/wp-content\/uploads\/2017\/05\/Inter_port_web3.jpg?resize=600%2C229&amp;ssl=1 600w\" sizes=\"auto, (max-width: 670px) 100vw, 670px\" \/>        <div class=\"twit-desc\">\r\n         <h2 class=\"h2 title\"><a href=\"https:\/\/opqrs.mx\/en\/interzum\/\">Interzum<\/a><\/h2>\r\n           <div class=\"twit-author\">\r\n            <img alt='' src='https:\/\/secure.gravatar.com\/avatar\/385061b307bedc07ee0e568dcc662e8afcfab39aeaa04132e2b8d87623375709?s=45&#038;d=mm&#038;r=g' srcset='https:\/\/secure.gravatar.com\/avatar\/385061b307bedc07ee0e568dcc662e8afcfab39aeaa04132e2b8d87623375709?s=90&#038;d=mm&#038;r=g 2x' class='media-object img-responsive img-circle avatar-45 photo' height='45' width='45' \/>              <div class=\"post-txt\">\r\n                <h6 class=\"h6\"><a href=\"#\">opqrs<\/a><\/h6>\r\n                <p>In <a href=\"https:\/\/opqrs.mx\/en\/category\/expos\/\" rel=\"category tag\">EXPOS<\/a>, <a href=\"https:\/\/opqrs.mx\/en\/category\/design\/internacional\/\" rel=\"category tag\">Internacional<\/a> Posted <span class=\"post-date\">May 18, 2017<\/span><\/p>\r\n              <\/div>\r\n           <\/div>\r\n        <\/div>\r\n      <\/div>\r\n          <div class=\"twit-item wow zoomIn\" data-wow-delay=\"0.4s\">\r\n        <img loading=\"lazy\" decoding=\"async\" width=\"670\" height=\"255\" src=\"https:\/\/i0.wp.com\/opqrs.mx\/wp-content\/uploads\/2016\/12\/portblog.jpg?resize=670%2C255&amp;ssl=1\" class=\"resp-img wp-post-image\" alt=\"\" srcset=\"https:\/\/i0.wp.com\/opqrs.mx\/wp-content\/uploads\/2016\/12\/portblog.jpg?w=1141&amp;ssl=1 1141w, https:\/\/i0.wp.com\/opqrs.mx\/wp-content\/uploads\/2016\/12\/portblog.jpg?resize=768%2C293&amp;ssl=1 768w, https:\/\/i0.wp.com\/opqrs.mx\/wp-content\/uploads\/2016\/12\/portblog.jpg?resize=1024%2C391&amp;ssl=1 1024w, https:\/\/i0.wp.com\/opqrs.mx\/wp-content\/uploads\/2016\/12\/portblog.jpg?resize=670%2C255&amp;ssl=1 670w, https:\/\/i0.wp.com\/opqrs.mx\/wp-content\/uploads\/2016\/12\/portblog.jpg?resize=600%2C229&amp;ssl=1 600w\" sizes=\"auto, (max-width: 670px) 100vw, 670px\" \/>        <div class=\"twit-desc\">\r\n         <h2 class=\"h2 title\"><a href=\"https:\/\/opqrs.mx\/en\/la-lonja-mx\/\">La Lonja MX 2017<\/a><\/h2>\r\n           <div class=\"twit-author\">\r\n            <img alt='' src='https:\/\/secure.gravatar.com\/avatar\/385061b307bedc07ee0e568dcc662e8afcfab39aeaa04132e2b8d87623375709?s=45&#038;d=mm&#038;r=g' srcset='https:\/\/secure.gravatar.com\/avatar\/385061b307bedc07ee0e568dcc662e8afcfab39aeaa04132e2b8d87623375709?s=90&#038;d=mm&#038;r=g 2x' class='media-object img-responsive img-circle avatar-45 photo' height='45' width='45' \/>              <div class=\"post-txt\">\r\n                <h6 class=\"h6\"><a href=\"#\">opqrs<\/a><\/h6>\r\n                <p>In <a href=\"https:\/\/opqrs.mx\/en\/category\/expos\/\" rel=\"category tag\">EXPOS<\/a> Posted <span class=\"post-date\">December 16, 2016<\/span><\/p>\r\n              <\/div>\r\n           <\/div>\r\n        <\/div>\r\n      <\/div>\r\n          <div class=\"twit-item wow zoomIn\" data-wow-delay=\"0.4s\">\r\n        <img loading=\"lazy\" decoding=\"async\" width=\"670\" height=\"255\" src=\"https:\/\/i0.wp.com\/opqrs.mx\/wp-content\/uploads\/2016\/12\/portblog-1.jpg?resize=670%2C255&amp;ssl=1\" class=\"resp-img wp-post-image\" alt=\"\" srcset=\"https:\/\/i0.wp.com\/opqrs.mx\/wp-content\/uploads\/2016\/12\/portblog-1.jpg?w=1141&amp;ssl=1 1141w, https:\/\/i0.wp.com\/opqrs.mx\/wp-content\/uploads\/2016\/12\/portblog-1.jpg?resize=768%2C293&amp;ssl=1 768w, https:\/\/i0.wp.com\/opqrs.mx\/wp-content\/uploads\/2016\/12\/portblog-1.jpg?resize=1024%2C391&amp;ssl=1 1024w, https:\/\/i0.wp.com\/opqrs.mx\/wp-content\/uploads\/2016\/12\/portblog-1.jpg?resize=670%2C255&amp;ssl=1 670w, https:\/\/i0.wp.com\/opqrs.mx\/wp-content\/uploads\/2016\/12\/portblog-1.jpg?resize=600%2C229&amp;ssl=1 600w\" sizes=\"auto, (max-width: 670px) 100vw, 670px\" \/>        <div class=\"twit-desc\">\r\n         <h2 class=\"h2 title\"><a href=\"https:\/\/opqrs.mx\/en\/el-bazaar-sabado\/\">El Bazaar S\u00e1bado<\/a><\/h2>\r\n           <div class=\"twit-author\">\r\n            <img alt='' src='https:\/\/secure.gravatar.com\/avatar\/385061b307bedc07ee0e568dcc662e8afcfab39aeaa04132e2b8d87623375709?s=45&#038;d=mm&#038;r=g' srcset='https:\/\/secure.gravatar.com\/avatar\/385061b307bedc07ee0e568dcc662e8afcfab39aeaa04132e2b8d87623375709?s=90&#038;d=mm&#038;r=g 2x' class='media-object img-responsive img-circle avatar-45 photo' height='45' width='45' \/>              <div class=\"post-txt\">\r\n                <h6 class=\"h6\"><a href=\"#\">opqrs<\/a><\/h6>\r\n                <p>In <a href=\"https:\/\/opqrs.mx\/en\/category\/pubicaciones\/\" rel=\"category tag\">Pubicaciones<\/a> Posted <span class=\"post-date\">December 14, 2016<\/span><\/p>\r\n              <\/div>\r\n           <\/div>\r\n        <\/div>\r\n      <\/div>\r\n          <div class=\"twit-item wow zoomIn\" data-wow-delay=\"0.4s\">\r\n        <img loading=\"lazy\" decoding=\"async\" width=\"670\" height=\"255\" src=\"https:\/\/i0.wp.com\/opqrs.mx\/wp-content\/uploads\/2016\/12\/bazar_port_web.jpg?resize=670%2C255&amp;ssl=1\" class=\"resp-img wp-post-image\" alt=\"\" \/>        <div class=\"twit-desc\">\r\n         <h2 class=\"h2 title\"><a href=\"https:\/\/opqrs.mx\/en\/bazar-de-virreyes\/\">Bazar de Virreyes<\/a><\/h2>\r\n           <div class=\"twit-author\">\r\n            <img alt='' src='https:\/\/secure.gravatar.com\/avatar\/385061b307bedc07ee0e568dcc662e8afcfab39aeaa04132e2b8d87623375709?s=45&#038;d=mm&#038;r=g' srcset='https:\/\/secure.gravatar.com\/avatar\/385061b307bedc07ee0e568dcc662e8afcfab39aeaa04132e2b8d87623375709?s=90&#038;d=mm&#038;r=g 2x' class='media-object img-responsive img-circle avatar-45 photo' height='45' width='45' \/>              <div class=\"post-txt\">\r\n                <h6 class=\"h6\"><a href=\"#\">opqrs<\/a><\/h6>\r\n                <p>In <a href=\"https:\/\/opqrs.mx\/en\/category\/expos\/\" rel=\"category tag\">EXPOS<\/a> Posted <span class=\"post-date\">December 03, 2016<\/span><\/p>\r\n              <\/div>\r\n           <\/div>\r\n        <\/div>\r\n      <\/div>\r\n          <div class=\"twit-item wow zoomIn\" data-wow-delay=\"0.4s\">\r\n        <img loading=\"lazy\" decoding=\"async\" width=\"670\" height=\"255\" src=\"https:\/\/i0.wp.com\/opqrs.mx\/wp-content\/uploads\/2016\/12\/portblog-2.jpg?resize=670%2C255&amp;ssl=1\" class=\"resp-img wp-post-image\" alt=\"\" srcset=\"https:\/\/i0.wp.com\/opqrs.mx\/wp-content\/uploads\/2016\/12\/portblog-2.jpg?w=1141&amp;ssl=1 1141w, https:\/\/i0.wp.com\/opqrs.mx\/wp-content\/uploads\/2016\/12\/portblog-2.jpg?resize=768%2C293&amp;ssl=1 768w, https:\/\/i0.wp.com\/opqrs.mx\/wp-content\/uploads\/2016\/12\/portblog-2.jpg?resize=1024%2C391&amp;ssl=1 1024w, https:\/\/i0.wp.com\/opqrs.mx\/wp-content\/uploads\/2016\/12\/portblog-2.jpg?resize=670%2C255&amp;ssl=1 670w, https:\/\/i0.wp.com\/opqrs.mx\/wp-content\/uploads\/2016\/12\/portblog-2.jpg?resize=600%2C229&amp;ssl=1 600w\" sizes=\"auto, (max-width: 670px) 100vw, 670px\" \/>        <div class=\"twit-desc\">\r\n         <h2 class=\"h2 title\"><a href=\"https:\/\/opqrs.mx\/en\/the-show-room\/\">The Show Room<\/a><\/h2>\r\n           <div class=\"twit-author\">\r\n            <img alt='' src='https:\/\/secure.gravatar.com\/avatar\/385061b307bedc07ee0e568dcc662e8afcfab39aeaa04132e2b8d87623375709?s=45&#038;d=mm&#038;r=g' srcset='https:\/\/secure.gravatar.com\/avatar\/385061b307bedc07ee0e568dcc662e8afcfab39aeaa04132e2b8d87623375709?s=90&#038;d=mm&#038;r=g 2x' class='media-object img-responsive img-circle avatar-45 photo' height='45' width='45' \/>              <div class=\"post-txt\">\r\n                <h6 class=\"h6\"><a href=\"#\">opqrs<\/a><\/h6>\r\n                <p>In <a href=\"https:\/\/opqrs.mx\/en\/category\/expos\/\" rel=\"category tag\">EXPOS<\/a> Posted <span class=\"post-date\">December 01, 2016<\/span><\/p>\r\n              <\/div>\r\n           <\/div>\r\n        <\/div>\r\n      <\/div>\r\n          <div class=\"twit-item wow zoomIn\" data-wow-delay=\"0.4s\">\r\n        <img loading=\"lazy\" decoding=\"async\" width=\"670\" height=\"255\" src=\"https:\/\/i0.wp.com\/opqrs.mx\/wp-content\/uploads\/2015\/04\/portblog.jpg?resize=670%2C255&amp;ssl=1\" class=\"resp-img wp-post-image\" alt=\"\" srcset=\"https:\/\/i0.wp.com\/opqrs.mx\/wp-content\/uploads\/2015\/04\/portblog.jpg?w=1141&amp;ssl=1 1141w, https:\/\/i0.wp.com\/opqrs.mx\/wp-content\/uploads\/2015\/04\/portblog.jpg?resize=768%2C293&amp;ssl=1 768w, https:\/\/i0.wp.com\/opqrs.mx\/wp-content\/uploads\/2015\/04\/portblog.jpg?resize=1024%2C391&amp;ssl=1 1024w, https:\/\/i0.wp.com\/opqrs.mx\/wp-content\/uploads\/2015\/04\/portblog.jpg?resize=670%2C255&amp;ssl=1 670w, https:\/\/i0.wp.com\/opqrs.mx\/wp-content\/uploads\/2015\/04\/portblog.jpg?resize=600%2C229&amp;ssl=1 600w\" sizes=\"auto, (max-width: 670px) 100vw, 670px\" \/>        <div class=\"twit-desc\">\r\n         <h2 class=\"h2 title\"><a href=\"https:\/\/opqrs.mx\/en\/greenproduct\/\">Green Product Award 2015<\/a><\/h2>\r\n           <div class=\"twit-author\">\r\n            <img alt='' src='https:\/\/secure.gravatar.com\/avatar\/385061b307bedc07ee0e568dcc662e8afcfab39aeaa04132e2b8d87623375709?s=45&#038;d=mm&#038;r=g' srcset='https:\/\/secure.gravatar.com\/avatar\/385061b307bedc07ee0e568dcc662e8afcfab39aeaa04132e2b8d87623375709?s=90&#038;d=mm&#038;r=g 2x' class='media-object img-responsive img-circle avatar-45 photo' height='45' width='45' \/>              <div class=\"post-txt\">\r\n                <h6 class=\"h6\"><a href=\"#\">opqrs<\/a><\/h6>\r\n                <p>In <a href=\"https:\/\/opqrs.mx\/en\/category\/expos\/\" rel=\"category tag\">EXPOS<\/a>, <a href=\"https:\/\/opqrs.mx\/en\/category\/pubicaciones\/\" rel=\"category tag\">Pubicaciones<\/a> Posted <span class=\"post-date\">April 17, 2015<\/span><\/p>\r\n              <\/div>\r\n           <\/div>\r\n        <\/div>\r\n      <\/div>\r\n          <div class=\"twit-item wow zoomIn\" data-wow-delay=\"0.4s\">\r\n        <img loading=\"lazy\" decoding=\"async\" width=\"670\" height=\"255\" src=\"https:\/\/i0.wp.com\/opqrs.mx\/wp-content\/uploads\/2015\/03\/AMD_PORT14BLOG.jpg?resize=670%2C255&amp;ssl=1\" class=\"resp-img wp-post-image\" alt=\"\" \/>        <div class=\"twit-desc\">\r\n         <h2 class=\"h2 title\"><a href=\"https:\/\/opqrs.mx\/en\/amd2014\/\">Abierto Mexicano de Dise\u00f1o 2014<\/a><\/h2>\r\n           <div class=\"twit-author\">\r\n            <img alt='' src='https:\/\/secure.gravatar.com\/avatar\/385061b307bedc07ee0e568dcc662e8afcfab39aeaa04132e2b8d87623375709?s=45&#038;d=mm&#038;r=g' srcset='https:\/\/secure.gravatar.com\/avatar\/385061b307bedc07ee0e568dcc662e8afcfab39aeaa04132e2b8d87623375709?s=90&#038;d=mm&#038;r=g 2x' class='media-object img-responsive img-circle avatar-45 photo' height='45' width='45' \/>              <div class=\"post-txt\">\r\n                <h6 class=\"h6\"><a href=\"#\">opqrs<\/a><\/h6>\r\n                <p>In <a href=\"https:\/\/opqrs.mx\/en\/category\/expos\/\" rel=\"category tag\">EXPOS<\/a> Posted <span class=\"post-date\">March 04, 2015<\/span><\/p>\r\n              <\/div>\r\n           <\/div>\r\n        <\/div>\r\n      <\/div>\r\n          <div class=\"twit-item wow zoomIn\" data-wow-delay=\"0.4s\">\r\n        <img loading=\"lazy\" decoding=\"async\" width=\"670\" height=\"236\" src=\"https:\/\/i0.wp.com\/opqrs.mx\/wp-content\/uploads\/2015\/01\/Captura-de-pantalla-2015-01-16-a-las-20.21.59.png?resize=670%2C236&amp;ssl=1\" class=\"resp-img wp-post-image\" alt=\"\" \/>        <div class=\"twit-desc\">\r\n         <h2 class=\"h2 title\"><a href=\"https:\/\/opqrs.mx\/en\/opqrs-universal\/\">opqrs en El Universal<\/a><\/h2>\r\n           <div class=\"twit-author\">\r\n            <img alt='' src='https:\/\/secure.gravatar.com\/avatar\/385061b307bedc07ee0e568dcc662e8afcfab39aeaa04132e2b8d87623375709?s=45&#038;d=mm&#038;r=g' srcset='https:\/\/secure.gravatar.com\/avatar\/385061b307bedc07ee0e568dcc662e8afcfab39aeaa04132e2b8d87623375709?s=90&#038;d=mm&#038;r=g 2x' class='media-object img-responsive img-circle avatar-45 photo' height='45' width='45' \/>              <div class=\"post-txt\">\r\n                <h6 class=\"h6\"><a href=\"#\">opqrs<\/a><\/h6>\r\n                <p>In <a href=\"https:\/\/opqrs.mx\/en\/category\/pubicaciones\/\" rel=\"category tag\">Pubicaciones<\/a> Posted <span class=\"post-date\">January 17, 2015<\/span><\/p>\r\n              <\/div>\r\n           <\/div>\r\n        <\/div>\r\n      <\/div>\r\n          <div class=\"twit-item wow zoomIn\" data-wow-delay=\"0.4s\">\r\n        <img loading=\"lazy\" decoding=\"async\" width=\"670\" height=\"255\" src=\"https:\/\/i0.wp.com\/opqrs.mx\/wp-content\/uploads\/2014\/10\/yorokobu-foto-2014-10-17-.png?resize=670%2C255&amp;ssl=1\" class=\"resp-img wp-post-image\" alt=\"\" srcset=\"https:\/\/i0.wp.com\/opqrs.mx\/wp-content\/uploads\/2014\/10\/yorokobu-foto-2014-10-17-.png?resize=670%2C255&amp;ssl=1 670w, https:\/\/i0.wp.com\/opqrs.mx\/wp-content\/uploads\/2014\/10\/yorokobu-foto-2014-10-17-.png?zoom=2&amp;resize=670%2C255&amp;ssl=1 1340w\" sizes=\"auto, (max-width: 670px) 100vw, 670px\" \/>        <div class=\"twit-desc\">\r\n         <h2 class=\"h2 title\"><a href=\"https:\/\/opqrs.mx\/en\/como-convertir-el-palito-de-mover-el-cafe-en-iluminacion-sostenible\/\">C\u00f3mo convertir el palito de mover el caf\u00e9 en iluminaci\u00f3n sostenible<\/a><\/h2>\r\n           <div class=\"twit-author\">\r\n            <img alt='' src='https:\/\/secure.gravatar.com\/avatar\/385061b307bedc07ee0e568dcc662e8afcfab39aeaa04132e2b8d87623375709?s=45&#038;d=mm&#038;r=g' srcset='https:\/\/secure.gravatar.com\/avatar\/385061b307bedc07ee0e568dcc662e8afcfab39aeaa04132e2b8d87623375709?s=90&#038;d=mm&#038;r=g 2x' class='media-object img-responsive img-circle avatar-45 photo' height='45' width='45' \/>              <div class=\"post-txt\">\r\n                <h6 class=\"h6\"><a href=\"#\">opqrs<\/a><\/h6>\r\n                <p>In <a href=\"https:\/\/opqrs.mx\/en\/category\/pubicaciones\/\" rel=\"category tag\">Pubicaciones<\/a> Posted <span class=\"post-date\">October 17, 2014<\/span><\/p>\r\n              <\/div>\r\n           <\/div>\r\n        <\/div>\r\n      <\/div>\r\n      <\/div>\r\n\r\n  <\/div><\/div><\/section>","protected":false},"excerpt":{"rendered":"Nos entrevistaron para YOROKOBU.ES\u00a0 sobre nuestras l\u00e1mparas Nido y Hexa lamp... &nbsp; &nbsp; Encuentra la entrevista completa en: www.yorokobu.es\/opqrs\/","protected":false},"author":1,"featured_media":0,"parent":0,"menu_order":4,"comment_status":"open","ping_status":"closed","template":"page-templates\/blog-list.php","meta":{"footnotes":""},"class_list":["post-1143","page","type-page","status-publish","hentry"],"jetpack_sharing_enabled":true,"_links":{"self":[{"href":"https:\/\/opqrs.mx\/en\/wp-json\/wp\/v2\/pages\/1143","targetHints":{"allow":["GET"]}}],"collection":[{"href":"https:\/\/opqrs.mx\/en\/wp-json\/wp\/v2\/pages"}],"about":[{"href":"https:\/\/opqrs.mx\/en\/wp-json\/wp\/v2\/types\/page"}],"author":[{"embeddable":true,"href":"https:\/\/opqrs.mx\/en\/wp-json\/wp\/v2\/users\/1"}],"replies":[{"embeddable":true,"href":"https:\/\/opqrs.mx\/en\/wp-json\/wp\/v2\/comments?post=1143"}],"version-history":[{"count":3,"href":"https:\/\/opqrs.mx\/en\/wp-json\/wp\/v2\/pages\/1143\/revisions"}],"predecessor-version":[{"id":1147,"href":"https:\/\/opqrs.mx\/en\/wp-json\/wp\/v2\/pages\/1143\/revisions\/1147"}],"wp:attachment":[{"href":"https:\/\/opqrs.mx\/en\/wp-json\/wp\/v2\/media?parent=1143"}],"curies":[{"name":"wp","href":"https:\/\/api.w.org\/{rel}","templated":true}]}}